{"id":32,"date":"2025-12-14T17:36:16","date_gmt":"2025-12-14T15:36:16","guid":{"rendered":"https:\/\/deglava.druvoweb.com\/?page_id=32"},"modified":"2026-03-18T19:18:22","modified_gmt":"2026-03-18T17:18:22","slug":"izveleties-dzivokli","status":"publish","type":"page","link":"https:\/\/deglava.druvoweb.com\/ru\/izveleties-dzivokli\/","title":{"rendered":"\u0412\u044b\u0431\u0440\u0430\u0442\u044c \u043a\u0432\u0430\u0440\u0442\u0438\u0440\u0443"},"content":{"rendered":"<section class=\"bde-section-32-104 bde-section silky-reveal\">\n              \n  \n  \n\t    \n      <div class=\"section-background-video\">\n              <video\n          autoplay\n muted\n playsinline\n loop\n>\n        <source src=\"https:\/\/deglava.druvoweb.com\/wp-content\/uploads\/2025\/12\/Riga-Scurt-Ultra-Hd-1080-hb-720.mp4\" type=\"video\/mp4\" \/>\n      <\/video>\n      <\/div>\n\n\n  <div class=\"section-background-overlay\"><\/div>\n\n\n<div class=\"section-container\"><div class=\"bde-div-32-203 bde-div\">\n  \n  \n\t\n\n\n\n<p class=\"bde-text-32-204 bde-text\">\n\u041a\u0432\u0430\u0440\u0442\u0438\u0440\u044b \u0432 \u043d\u043e\u0432\u043e\u043c \u043f\u0440\u043e\u0435\u043a\u0442\u0435 \u0432 \u041f\u043b\u044f\u0432\u043d\u0438\u0435\u043a\u0430\u0445\n<\/p><h1 class=\"bde-heading-32-205 bde-heading\">\n\u0412\u044b\u0431\u0440\u0430\u0442\u044c \u043a\u0432\u0430\u0440\u0442\u0438\u0440\u0443\n<\/h1>\n<\/div><\/div>\n<\/section><section class=\"bde-section-32-100 bde-section\">\n  \n  \n\t\n\n\n\n<div class=\"section-container\"><div class=\"bde-div-32-101 bde-div\">\n  \n  \n\t\n\n\n\n<h2 class=\"bde-heading-32-102 bde-heading\">\n\u0412\u044b\u0431\u0435\u0440\u0438\u0442\u0435 \u0434\u043e\u043c\n<\/h2><div class=\"bde-shortcode-32-103 bde-shortcode\"><div><div id=\"image-map-pro-5cda0efb-94eb-4605-89a4-049e12d049b1\"><\/div><\/div><\/div>\n<\/div><div class=\"bde-globalblock-32-291 bde-globalblock\"><div class=\"bde-grid-1073-100-1073-1 bde-grid bde-grid-1073-100\">\n  \n  \n\t\n\n\n\n<a class=\"bde-container-link-1073-101-1073-1 bde-container-link hause-card stagger-item bde-container-link-1073-101 breakdance-link\" href=\"\/ru\/%d1%81%d1%82%d0%be%d0%bb-%d0%b4%d0%b0%d0%bb%d0%b8\/\" target=\"_self\" data-type=\"url\">\n  \n  \n\t\n\n\n\n<div class=\"bde-div-1073-102-1073-1 bde-div bde-div-1073-102\">\n  \n  \n\t\n\n\n\n<img decoding=\"async\" class=\"bde-image2-1073-103-1073-1 bde-image2 hause-card-img bde-image2-1073-103\" src=\"https:\/\/deglava.druvoweb.com\/wp-content\/uploads\/2026\/02\/Dali.jpg\" alt=\"\u0414\u0430\u043b\u0438\" loading=\"lazy\" srcset=\"https:\/\/deglava.druvoweb.com\/wp-content\/uploads\/2026\/02\/Dali.jpg 1600w, https:\/\/deglava.druvoweb.com\/wp-content\/uploads\/2026\/02\/Dali-300x300.jpg 300w, https:\/\/deglava.druvoweb.com\/wp-content\/uploads\/2026\/02\/Dali-1024x1024.jpg 1024w, https:\/\/deglava.druvoweb.com\/wp-content\/uploads\/2026\/02\/Dali-150x150.jpg 150w, https:\/\/deglava.druvoweb.com\/wp-content\/uploads\/2026\/02\/Dali-768x768.jpg 768w, https:\/\/deglava.druvoweb.com\/wp-content\/uploads\/2026\/02\/Dali-1536x1536.jpg 1536w\" sizes=\"(max-width: 1600px) 100vw, 1600px\" data-entrance=\"fade\">\n<\/div><div class=\"bde-div-1073-104-1073-1 bde-div bde-div-1073-104\">\n  \n  \n\t\n\n\n\n<div class=\"bde-div-1073-105-1073-1 bde-div bde-div-1073-105\">\n  \n  \n\t\n\n\n\n<h4 class=\"bde-heading-1073-106-1073-1 bde-heading stagger-item bde-heading-1073-106\">\n\u0414\u0430\u043b\u0438\n<\/h4><div class=\"bde-div-1073-127-1073-1 bde-div bde-div-1073-127\">\n  \n  \n\t\n\n\n\n<div class=\"bde-text-1073-107-1073-1 bde-text stagger-item bde-text-1073-107\">\n\u0417\u0434\u0430\u043d\u0438\u0435 5 | 71 \u043a\u0432\u0430\u0440\u0442\u0438\u0440\u0430\n<\/div><div class=\"bde-text-1073-126-1073-1 bde-text stagger-item bde-text-1073-126\">\n| \u0414\u043e\u0441\u0442\u0443\u043f\u043d\u043e \n<\/div><div class=\"bde-text-1073-132-1073-1 bde-text stagger-item bde-text-1073-132\">\n23\n<\/div>\n<\/div>\n<\/div><div class=\"bde-button-1073-108-1073-1 bde-button stagger-item bde-button-1073-108\">\n    \n                        \n                                                    \n    \n    \n    \n    \n            \n            <button type=\"button\" class=\"button-atom button-atom--custom button-atom--preset-43d98a18-5478-430f-b9a5-b09eb9e462ff bde-button__button\"  >\n    \n        <span class=\"button-atom__text\">\u0421\u041c\u041e\u0422\u0420\u0415\u0422\u042c<\/span>\n\n        \n        \n            <\/button>\n    \n\n\n<\/div>\n<\/div>\n\n<\/a><a class=\"bde-container-link-1073-109-1073-1 bde-container-link hause-card stagger-item coming-soon-link bde-container-link-1073-109 breakdance-link\" href=\"#\" target=\"_self\" data-entrance=\"slideUp\">\n  \n  \n\t\n\n\n\n<div class=\"bde-div-1073-110-1073-1 bde-div bde-div-1073-110\">\n  \n  \n\t\n\n\n\n<img decoding=\"async\" class=\"bde-image2-1073-111-1073-1 bde-image2 hause-card-img bde-image2-1073-111\" src=\"https:\/\/deglava.druvoweb.com\/wp-content\/uploads\/2026\/02\/Rebrandt.jpg\" alt=\"Rebrandt\" loading=\"lazy\" srcset=\"https:\/\/deglava.druvoweb.com\/wp-content\/uploads\/2026\/02\/Rebrandt.jpg 1600w, https:\/\/deglava.druvoweb.com\/wp-content\/uploads\/2026\/02\/Rebrandt-300x300.jpg 300w, https:\/\/deglava.druvoweb.com\/wp-content\/uploads\/2026\/02\/Rebrandt-1024x1024.jpg 1024w, https:\/\/deglava.druvoweb.com\/wp-content\/uploads\/2026\/02\/Rebrandt-150x150.jpg 150w, https:\/\/deglava.druvoweb.com\/wp-content\/uploads\/2026\/02\/Rebrandt-768x768.jpg 768w, https:\/\/deglava.druvoweb.com\/wp-content\/uploads\/2026\/02\/Rebrandt-1536x1536.jpg 1536w\" sizes=\"(max-width: 1600px) 100vw, 1600px\" data-entrance=\"fade\">\n<\/div><div class=\"bde-div-1073-112-1073-1 bde-div bde-div-1073-112\">\n  \n  \n\t\n\n\n\n<div class=\"bde-div-1073-113-1073-1 bde-div bde-div-1073-113\">\n  \n  \n\t\n\n\n\n<h4 class=\"bde-heading-1073-114-1073-1 bde-heading stagger-item bde-heading-1073-114\">\n\u0420\u0435\u043c\u0431\u0440\u0430\u043d\u0434\u0442\n<\/h4><div class=\"bde-div-1073-128-1073-1 bde-div bde-div-1073-128\">\n  \n  \n\t\n\n\n\n<div class=\"bde-text-1073-115-1073-1 bde-text stagger-item bde-text-1073-115\">\n\u0417\u0434\u0430\u043d\u0438\u0435 6 | 78 \u043a\u0432\u0430\u0440\u0442\u0438\u0440\n<\/div><div class=\"bde-text-1073-129-1073-1 bde-text stagger-item bde-text-1073-129\">\n| \u0414\u043e\u0441\u0442\u0443\u043f\u043d\u043e \n<\/div><div class=\"bde-text-1073-133-1073-1 bde-text stagger-item bde-text-1073-133\">\n77\n<\/div>\n<\/div>\n<\/div><div class=\"bde-button-1073-116-1073-1 bde-button stagger-item bde-button-1073-116\">\n    \n                        \n                                                    \n    \n    \n    \n    \n            \n            <button type=\"button\" class=\"button-atom button-atom--custom button-atom--preset-43d98a18-5478-430f-b9a5-b09eb9e462ff bde-button__button\"  >\n    \n        <span class=\"button-atom__text\">\u0421\u043e\u0432\u0441\u0435\u043c \u0441\u043a\u043e\u0440\u043e<\/span>\n\n        \n        \n            <\/button>\n    \n\n\n<\/div>\n<\/div>\n\n<\/a><a class=\"bde-container-link-1073-117-1073-1 bde-container-link hause-card stagger-item coming-soon-link bde-container-link-1073-117 breakdance-link\" href=\"#\" target=\"_self\" data-entrance=\"slideUp\">\n  \n  \n\t\n\n\n\n<div class=\"bde-div-1073-118-1073-1 bde-div bde-div-1073-118\">\n  \n  \n\t\n\n\n\n<img decoding=\"async\" class=\"bde-image2-1073-119-1073-1 bde-image2 hause-card-img bde-image2-1073-119\" src=\"https:\/\/deglava.druvoweb.com\/wp-content\/uploads\/2026\/02\/Picasso.jpg\" alt=\"\u041f\u0438\u043a\u0430\u0441\u0441\u043e\" loading=\"lazy\" srcset=\"https:\/\/deglava.druvoweb.com\/wp-content\/uploads\/2026\/02\/Picasso.jpg 1600w, https:\/\/deglava.druvoweb.com\/wp-content\/uploads\/2026\/02\/Picasso-300x300.jpg 300w, https:\/\/deglava.druvoweb.com\/wp-content\/uploads\/2026\/02\/Picasso-1024x1024.jpg 1024w, https:\/\/deglava.druvoweb.com\/wp-content\/uploads\/2026\/02\/Picasso-150x150.jpg 150w, https:\/\/deglava.druvoweb.com\/wp-content\/uploads\/2026\/02\/Picasso-768x768.jpg 768w, https:\/\/deglava.druvoweb.com\/wp-content\/uploads\/2026\/02\/Picasso-1536x1536.jpg 1536w\" sizes=\"(max-width: 1600px) 100vw, 1600px\" data-entrance=\"fade\">\n<\/div><div class=\"bde-div-1073-120-1073-1 bde-div bde-div-1073-120\">\n  \n  \n\t\n\n\n\n<div class=\"bde-div-1073-121-1073-1 bde-div bde-div-1073-121\">\n  \n  \n\t\n\n\n\n<h4 class=\"bde-heading-1073-122-1073-1 bde-heading stagger-item bde-heading-1073-122\">\n\u041f\u0438\u043a\u0430\u0441\u0441\u043e\n<\/h4><div class=\"bde-div-1073-131-1073-1 bde-div bde-div-1073-131\">\n  \n  \n\t\n\n\n\n<div class=\"bde-text-1073-123-1073-1 bde-text stagger-item bde-text-1073-123\">\n\u0417\u0434\u0430\u043d\u0438\u0435 7 | 78 \u043a\u0432\u0430\u0440\u0442\u0438\u0440\n<\/div><div class=\"bde-text-1073-130-1073-1 bde-text stagger-item bde-text-1073-130\">\n| \u0414\u043e\u0441\u0442\u0443\u043f\u043d\u043e \n<\/div><div class=\"bde-text-1073-134-1073-1 bde-text stagger-item bde-text-1073-134\">\n77\n<\/div>\n<\/div>\n<\/div><div class=\"bde-button-1073-124-1073-1 bde-button stagger-item bde-button-1073-124\">\n    \n                        \n                                                    \n    \n    \n    \n    \n            \n            <button type=\"button\" class=\"button-atom button-atom--custom button-atom--preset-43d98a18-5478-430f-b9a5-b09eb9e462ff bde-button__button\"  >\n    \n        <span class=\"button-atom__text\">\u0421\u043e\u0432\u0441\u0435\u043c \u0441\u043a\u043e\u0440\u043e<\/span>\n\n        \n        \n            <\/button>\n    \n\n\n<\/div>\n<\/div>\n\n<\/a>\n<\/div><\/div><\/div>\n<\/section>","protected":false},"excerpt":{"rendered":"<p>Dz\u012bvok\u013ci jaunaj\u0101 projekt\u0101 P\u013cavniekos Izv\u0113l\u0113ties dz\u012bvokli Izv\u0113l\u0113ties m\u0101ju Dali 5.\u0113ka | 71 dz\u012bvoklis | Pieejami 23 Apskat\u012bt Rembrandt 6.\u0113ka | 78 dz\u012bvok\u013ci | Pieejami 77 Dr\u012bzum\u0101 Picasso 7.\u0113ka | 78 dz\u012bvok\u013ci | Pieejami 77 Dr\u012bzum\u0101<\/p>","protected":false},"author":1,"featured_media":0,"parent":0,"menu_order":0,"comment_status":"closed","ping_status":"closed","template":"","meta":{"_acf_changed":false,"_breakdance_hide_in_design_set":false,"_breakdance_tags":"","footnotes":""},"class_list":["post-32","page","type-page","status-publish","hentry"],"acf":[],"_links":{"self":[{"href":"https:\/\/deglava.druvoweb.com\/ru\/wp-json\/wp\/v2\/pages\/32","targetHints":{"allow":["GET"]}}],"collection":[{"href":"https:\/\/deglava.druvoweb.com\/ru\/wp-json\/wp\/v2\/pages"}],"about":[{"href":"https:\/\/deglava.druvoweb.com\/ru\/wp-json\/wp\/v2\/types\/page"}],"author":[{"embeddable":true,"href":"https:\/\/deglava.druvoweb.com\/ru\/wp-json\/wp\/v2\/users\/1"}],"replies":[{"embeddable":true,"href":"https:\/\/deglava.druvoweb.com\/ru\/wp-json\/wp\/v2\/comments?post=32"}],"version-history":[{"count":0,"href":"https:\/\/deglava.druvoweb.com\/ru\/wp-json\/wp\/v2\/pages\/32\/revisions"}],"wp:attachment":[{"href":"https:\/\/deglava.druvoweb.com\/ru\/wp-json\/wp\/v2\/media?parent=32"}],"curies":[{"name":"wp","href":"https:\/\/api.w.org\/{rel}","templated":true}]}}